{"id":35586,"date":"2018-07-17T16:12:05","date_gmt":"2018-07-17T14:12:05","guid":{"rendered":"http:\/\/cliffordunderwood.com\/a-propos\/"},"modified":"2018-08-08T11:11:44","modified_gmt":"2018-08-08T15:11:44","slug":"about","status":"publish","type":"page","link":"https:\/\/cliffordunderwood.com\/en\/about\/","title":{"rendered":"About"},"content":{"rendered":"<div class=\"wpb-content-wrapper\"><p>[vc_row][vc_column width=&#8221;1\/2&#8243;][vc_column_text]<\/p>\n<h5>Why choose\u00a0Clifford Underwood Hydraulics\u00a0to service or install your equipment?<\/h5>\n<p>The answer is simple:<\/p>\n<ul>\n<li>We offer the best price value and after sale service.<\/li>\n<li>We are a family business with over 68 years of experience, and our customers are our priority.<\/li>\n<li>Our team of qualified technicians follows courses regularly, offered by the manufacturers in our field.<\/li>\n<li>Safety is our commitment.<\/li>\n<li>Our company, Clifford Underwood Hydraulics has a civil liability insurance of $5\u00a0000\u00a0000 including the liability on \u00a0automobiles and pollution.<\/li>\n<\/ul>\n<p>We are members of:<\/p>\n<ul>\n<li>\u00a0Le comit\u00e9 paritaire d\u2019installation p\u00e9trolier du Qu\u00e9bec<\/li>\n<li>R\u00e9gie du b\u00e2timent du Qu\u00e9bec (Entrepreneurs sp\u00e9cialis\u00e9s)<\/li>\n<li>APECQ, Association patronale des entreprises en constructions du Qu\u00e9bec<\/li>\n<li>Association des entrepreneurs p\u00e9troliers du Qu\u00e9bec Inc.<\/li>\n<\/ul>\n<p>[\/vc_column_text][vc_button button_color=&#8221;accent&#8221; border_width=&#8221;0&#8243; link=&#8221;url:http%3A%2F%2Fcliffordunderwood.com%2Fen%2Fhistory%2F|||&#8221;]HISTORY[\/vc_button][\/vc_column][vc_column width=&#8221;1\/2&#8243;][vc_single_image media=&#8221;306&#8243; media_width_use_pixel=&#8221;yes&#8221; media_ratio=&#8221;three-four&#8221; media_width_pixel=&#8221;530&#8243;][\/vc_column][\/vc_row]<\/p>\n<\/div>","protected":false},"excerpt":{"rendered":"<p>[vc_row][vc_column width=&#8221;1\/2&#8243;][vc_column_text] Why choose\u00a0Clifford Underwood Hydraulics\u00a0to service or install your equipment? The answer is simple: We offer the best price [&hellip;]<\/p>\n","protected":false},"author":1,"featured_media":35587,"parent":0,"menu_order":0,"comment_status":"closed","ping_status":"closed","template":"","meta":{"rs_blank_template":"","rs_page_bg_color":"","slide_template_v7":"","footnotes":""},"class_list":["post-35586","page","type-page","status-publish","has-post-thumbnail","hentry"],"_links":{"self":[{"href":"https:\/\/cliffordunderwood.com\/en\/wp-json\/wp\/v2\/pages\/35586","targetHints":{"allow":["GET"]}}],"collection":[{"href":"https:\/\/cliffordunderwood.com\/en\/wp-json\/wp\/v2\/pages"}],"about":[{"href":"https:\/\/cliffordunderwood.com\/en\/wp-json\/wp\/v2\/types\/page"}],"author":[{"embeddable":true,"href":"https:\/\/cliffordunderwood.com\/en\/wp-json\/wp\/v2\/users\/1"}],"replies":[{"embeddable":true,"href":"https:\/\/cliffordunderwood.com\/en\/wp-json\/wp\/v2\/comments?post=35586"}],"version-history":[{"count":3,"href":"https:\/\/cliffordunderwood.com\/en\/wp-json\/wp\/v2\/pages\/35586\/revisions"}],"predecessor-version":[{"id":35645,"href":"https:\/\/cliffordunderwood.com\/en\/wp-json\/wp\/v2\/pages\/35586\/revisions\/35645"}],"wp:featuredmedia":[{"embeddable":true,"href":"https:\/\/cliffordunderwood.com\/en\/wp-json\/wp\/v2\/media\/35587"}],"wp:attachment":[{"href":"https:\/\/cliffordunderwood.com\/en\/wp-json\/wp\/v2\/media?parent=35586"}],"curies":[{"name":"wp","href":"https:\/\/api.w.org\/{rel}","templated":true}]}}