{"id":38699,"date":"2022-03-07T13:04:26","date_gmt":"2022-03-07T18:04:26","guid":{"rendered":"https:\/\/cliffordunderwood.com\/home-fr\/"},"modified":"2022-03-07T13:04:26","modified_gmt":"2022-03-07T18:04:26","slug":"home-fr","status":"publish","type":"page","link":"https:\/\/cliffordunderwood.com\/en\/home-fr\/","title":{"rendered":"Home fr"},"content":{"rendered":"<h2>NOS PRODUITS<\/h2>\n<p>\t\t\t\t\t\t\t\t\t\t\t\t\t\t\t\t<a href=\"https:\/\/cliffordunderwood.com\/en\/product-category\/lifts\/\"><br \/>\n\t\t\t\t\t\t\t<img decoding=\"async\" width=\"650\" height=\"568\" src=\"https:\/\/cliffordunderwood.com\/wp-content\/uploads\/2018\/06\/clifford-underwood-hydraulique-1.png\" alt=\"Hydraulique- Clifford Underwood Hydraulique Lt\u00e9e\" loading=\"lazy\" srcset=\"https:\/\/cliffordunderwood.com\/wp-content\/uploads\/2018\/06\/clifford-underwood-hydraulique-1.png 650w, https:\/\/cliffordunderwood.com\/wp-content\/uploads\/2018\/06\/clifford-underwood-hydraulique-1-300x262.png 300w, https:\/\/cliffordunderwood.com\/wp-content\/uploads\/2018\/06\/clifford-underwood-hydraulique-1-600x524.png 600w\" sizes=\"auto, (max-width: 650px) 100vw, 650px\" \/>\t\t\t\t\t\t\t\t<\/a><\/p>\n<h2><a href=\"https:\/\/cliffordunderwood.com\/en\/product-category\/lifts\/\">v\u00e9rins Hors Terre<\/a><\/h2>\n<p>\t\t\t\t\t\t\t\t\t\t\t\t\t\t\t\t<a href=\"https:\/\/cliffordunderwood.com\/produits\/\"><br \/>\n\t\t\t\t\t\t\t<img decoding=\"async\" width=\"300\" height=\"300\" src=\"https:\/\/cliffordunderwood.com\/wp-content\/uploads\/2022\/02\/inground-uai-300x300-1.jpg\" alt=\"\" loading=\"lazy\" srcset=\"https:\/\/cliffordunderwood.com\/wp-content\/uploads\/2022\/02\/inground-uai-300x300-1.jpg 300w, https:\/\/cliffordunderwood.com\/wp-content\/uploads\/2022\/02\/inground-uai-300x300-1-150x150.jpg 150w, https:\/\/cliffordunderwood.com\/wp-content\/uploads\/2022\/02\/inground-uai-300x300-1-100x100.jpg 100w\" sizes=\"auto, (max-width: 300px) 100vw, 300px\" \/>\t\t\t\t\t\t\t\t<\/a><\/p>\n<h2><a href=\"https:\/\/cliffordunderwood.com\/en\/product-category\/accessories-garage-equipment\/\">v\u00e9rins Dans Terre<\/a><\/h2>\n<p>\t\t\t\t\t\t\t\t\t\t\t\t\t\t\t\t<a href=\"https:\/\/cliffordunderwood.com\/en\/product-category\/accessories-garage-equipment\/\"><br \/>\n\t\t\t\t\t\t\t<img decoding=\"async\" width=\"516\" height=\"516\" src=\"https:\/\/cliffordunderwood.com\/wp-content\/uploads\/2022\/02\/colonne-mobile-uai-516x516-1.jpg\" alt=\"\" loading=\"lazy\" srcset=\"https:\/\/cliffordunderwood.com\/wp-content\/uploads\/2022\/02\/colonne-mobile-uai-516x516-1.jpg 516w, https:\/\/cliffordunderwood.com\/wp-content\/uploads\/2022\/02\/colonne-mobile-uai-516x516-1-300x300.jpg 300w, https:\/\/cliffordunderwood.com\/wp-content\/uploads\/2022\/02\/colonne-mobile-uai-516x516-1-150x150.jpg 150w, https:\/\/cliffordunderwood.com\/wp-content\/uploads\/2022\/02\/colonne-mobile-uai-516x516-1-100x100.jpg 100w\" sizes=\"auto, (max-width: 516px) 100vw, 516px\" \/>\t\t\t\t\t\t\t\t<\/a><\/p>\n<h2><a href=\"https:\/\/cliffordunderwood.com\/en\/product-category\/accessories-garage-equipment\/\">Colonnes mobiles<br \/>\n<\/a><\/h2>\n<p>\t\t\t\t\t\t\t\t\t\t\t\t\t\t\t\t<a href=\"https:\/\/cliffordunderwood.com\/en\/product-category\/compressors\/\"><br \/>\n\t\t\t\t\t\t\t<img decoding=\"async\" width=\"516\" height=\"516\" src=\"https:\/\/cliffordunderwood.com\/wp-content\/uploads\/2022\/02\/r-modele-hr-uai-516x516-1.jpg\" alt=\"\" loading=\"lazy\" srcset=\"https:\/\/cliffordunderwood.com\/wp-content\/uploads\/2022\/02\/r-modele-hr-uai-516x516-1.jpg 516w, https:\/\/cliffordunderwood.com\/wp-content\/uploads\/2022\/02\/r-modele-hr-uai-516x516-1-300x300.jpg 300w, https:\/\/cliffordunderwood.com\/wp-content\/uploads\/2022\/02\/r-modele-hr-uai-516x516-1-150x150.jpg 150w, https:\/\/cliffordunderwood.com\/wp-content\/uploads\/2022\/02\/r-modele-hr-uai-516x516-1-100x100.jpg 100w\" sizes=\"auto, (max-width: 516px) 100vw, 516px\" \/>\t\t\t\t\t\t\t\t<\/a><\/p>\n<h2><a href=\"https:\/\/cliffordunderwood.com\/en\/product-category\/compressors\/\">Compresseurs<\/a><\/h2>\n<p>\t\t\t\t\t\t\t\t\t\t\t\t\t\t\t\t<a href=\"https:\/\/cliffordunderwood.com\/en\/product-category\/air-dryers\/\"><br \/>\n\t\t\t\t\t\t\t<img decoding=\"async\" width=\"516\" height=\"516\" src=\"https:\/\/cliffordunderwood.com\/wp-content\/uploads\/2018\/06\/serie-hit-uai-516x516.jpg\" alt=\"\" loading=\"lazy\" srcset=\"https:\/\/cliffordunderwood.com\/wp-content\/uploads\/2018\/06\/serie-hit-uai-516x516.jpg 516w, https:\/\/cliffordunderwood.com\/wp-content\/uploads\/2018\/06\/serie-hit-uai-516x516-150x150.jpg 150w, https:\/\/cliffordunderwood.com\/wp-content\/uploads\/2018\/06\/serie-hit-uai-516x516-300x300.jpg 300w, https:\/\/cliffordunderwood.com\/wp-content\/uploads\/2018\/06\/serie-hit-uai-516x516-100x100.jpg 100w\" sizes=\"auto, (max-width: 516px) 100vw, 516px\" \/>\t\t\t\t\t\t\t\t<\/a><\/p>\n<h2><a href=\"https:\/\/cliffordunderwood.com\/en\/product-category\/air-dryers\/\">Ass\u00e9cheur D\u2019air<\/a><\/h2>\n<p>\t\t\t\t\t\t\t\t\t\t\t\t\t\t\t\t<a href=\"https:\/\/cliffordunderwood.com\/en\/product-category\/tire-machines\/\"><br \/>\n\t\t\t\t\t\t\t<img decoding=\"async\" width=\"516\" height=\"516\" src=\"https:\/\/cliffordunderwood.com\/wp-content\/uploads\/2022\/02\/eye-pneus-uai-516x516-1.jpg\" alt=\"\" loading=\"lazy\" srcset=\"https:\/\/cliffordunderwood.com\/wp-content\/uploads\/2022\/02\/eye-pneus-uai-516x516-1.jpg 516w, https:\/\/cliffordunderwood.com\/wp-content\/uploads\/2022\/02\/eye-pneus-uai-516x516-1-300x300.jpg 300w, https:\/\/cliffordunderwood.com\/wp-content\/uploads\/2022\/02\/eye-pneus-uai-516x516-1-150x150.jpg 150w, https:\/\/cliffordunderwood.com\/wp-content\/uploads\/2022\/02\/eye-pneus-uai-516x516-1-100x100.jpg 100w\" sizes=\"auto, (max-width: 516px) 100vw, 516px\" \/>\t\t\t\t\t\t\t\t<\/a><\/p>\n<h2><a href=\"https:\/\/cliffordunderwood.com\/en\/product-category\/tire-machines\/\">Machines \u00e0 Pneus<\/a><\/h2>\n<p>\t\t\t\t\t\t\t\t\t\t\t\t\t\t\t\t<a href=\"https:\/\/cliffordunderwood.com\/en\/product-category\/accessories-garage-equipment\/\"><br \/>\n\t\t\t\t\t\t\t<img decoding=\"async\" width=\"516\" height=\"516\" src=\"https:\/\/cliffordunderwood.com\/wp-content\/uploads\/2022\/02\/MM2000-uai-516x516-1.jpg\" alt=\"\" loading=\"lazy\" srcset=\"https:\/\/cliffordunderwood.com\/wp-content\/uploads\/2022\/02\/MM2000-uai-516x516-1.jpg 516w, https:\/\/cliffordunderwood.com\/wp-content\/uploads\/2022\/02\/MM2000-uai-516x516-1-300x300.jpg 300w, https:\/\/cliffordunderwood.com\/wp-content\/uploads\/2022\/02\/MM2000-uai-516x516-1-150x150.jpg 150w, https:\/\/cliffordunderwood.com\/wp-content\/uploads\/2022\/02\/MM2000-uai-516x516-1-100x100.jpg 100w\" sizes=\"auto, (max-width: 516px) 100vw, 516px\" \/>\t\t\t\t\t\t\t\t<\/a><\/p>\n<h2><a href=\"https:\/\/cliffordunderwood.com\/en\/product-category\/accessories-garage-equipment\/\">Accessoires de Garage<\/a><\/h2>\n<p>\t\t\t\t\t\t\t\t\t\t\t\t\t\t\t\t<a href=\"https:\/\/cliffordunderwood.com\/en\/product-category\/rolling-bridge-jack\/\"><br \/>\n\t\t\t\t\t\t\t<img decoding=\"async\" width=\"516\" height=\"516\" src=\"https:\/\/cliffordunderwood.com\/wp-content\/uploads\/2022\/02\/J9000H-uai-516x516-1.jpg\" alt=\"\" loading=\"lazy\" srcset=\"https:\/\/cliffordunderwood.com\/wp-content\/uploads\/2022\/02\/J9000H-uai-516x516-1.jpg 516w, https:\/\/cliffordunderwood.com\/wp-content\/uploads\/2022\/02\/J9000H-uai-516x516-1-300x300.jpg 300w, https:\/\/cliffordunderwood.com\/wp-content\/uploads\/2022\/02\/J9000H-uai-516x516-1-150x150.jpg 150w, https:\/\/cliffordunderwood.com\/wp-content\/uploads\/2022\/02\/J9000H-uai-516x516-1-100x100.jpg 100w\" sizes=\"auto, (max-width: 516px) 100vw, 516px\" \/>\t\t\t\t\t\t\t\t<\/a><\/p>\n<h2><a href=\"https:\/\/cliffordunderwood.com\/en\/product-category\/rolling-bridge-jack\/\">Ponts Roulants<\/a><\/h2>\n<p>\t\t\t\t\t\t\t\t\t\t\t\t\t\t\t\t<a href=\"https:\/\/cliffordunderwood.com\/en\/product-category\/oil-separator\/\"><br \/>\n\t\t\t\t\t\t\t<img decoding=\"async\" width=\"516\" height=\"516\" src=\"https:\/\/cliffordunderwood.com\/wp-content\/uploads\/2022\/02\/KNS3-50-uai-516x516-1.jpg\" alt=\"\" loading=\"lazy\" srcset=\"https:\/\/cliffordunderwood.com\/wp-content\/uploads\/2022\/02\/KNS3-50-uai-516x516-1.jpg 516w, https:\/\/cliffordunderwood.com\/wp-content\/uploads\/2022\/02\/KNS3-50-uai-516x516-1-300x300.jpg 300w, https:\/\/cliffordunderwood.com\/wp-content\/uploads\/2022\/02\/KNS3-50-uai-516x516-1-150x150.jpg 150w, https:\/\/cliffordunderwood.com\/wp-content\/uploads\/2022\/02\/KNS3-50-uai-516x516-1-100x100.jpg 100w\" sizes=\"auto, (max-width: 516px) 100vw, 516px\" \/>\t\t\t\t\t\t\t\t<\/a><\/p>\n<h2><a href=\"https:\/\/cliffordunderwood.com\/en\/product-category\/oil-separator\/\">S\u00e9parateurs D&#8217;huile<br \/>\n<\/a><\/h2>\n<h2>NOS SERVICES<br \/>\n<\/h2>\n<p>\t\t\t\t\t\t\t\t\t\t\t\t\t\t\t\t<a href=\"https:\/\/cliffordunderwood.com\/en\/services\/inspection\/\"><br \/>\n\t\t\t\t\t\t\t<img decoding=\"async\" width=\"258\" height=\"193\" src=\"https:\/\/cliffordunderwood.com\/wp-content\/uploads\/2022\/02\/UNDERWOOD_COLLANT-INSPECTION-V2-6X4-uai-258x193-1.jpg\" alt=\"\" loading=\"lazy\" \/>\t\t\t\t\t\t\t\t<\/a><\/p>\n<h2><a href=\"https:\/\/cliffordunderwood.com\/en\/services\/inspection\/\">Inspection<\/a><\/h2>\n<p>\t\t\t\t\t\t\t\t\t\t\t\t\t\t\t\t<a href=\"https:\/\/cliffordunderwood.com\/en\/services\/installation\/\"><br \/>\n\t\t\t\t\t\t\t<img decoding=\"async\" width=\"258\" height=\"193\" src=\"https:\/\/cliffordunderwood.com\/wp-content\/uploads\/2022\/02\/wfp12r-uai-258x193-1.jpg\" alt=\"\" loading=\"lazy\" \/>\t\t\t\t\t\t\t\t<\/a><\/p>\n<h2><a href=\"https:\/\/cliffordunderwood.com\/en\/services\/installation\/\">Installation<\/a><\/h2>\n<p>\t\t\t\t\t\t\t\t\t\t\t\t\t\t\t\t<a href=\"https:\/\/cliffordunderwood.com\/en\/services\/parts\/\"><br \/>\n\t\t\t\t\t\t\t<img decoding=\"async\" width=\"258\" height=\"193\" src=\"https:\/\/cliffordunderwood.com\/wp-content\/uploads\/2022\/02\/p8027421a-uai-258x193-1.jpg\" alt=\"\" loading=\"lazy\" \/>\t\t\t\t\t\t\t\t<\/a><\/p>\n<h2><a href=\"https:\/\/cliffordunderwood.com\/en\/services\/parts\/\">Pi\u00e8ces<\/a><\/h2>\n<p>\t\t\t\t\t\t\t\t\t\t\t\t\t\t\t\t<a href=\"https:\/\/cliffordunderwood.com\/en\/services\/repair\/\"><br \/>\n\t\t\t\t\t\t\t<img decoding=\"async\" width=\"258\" height=\"193\" src=\"https:\/\/cliffordunderwood.com\/wp-content\/uploads\/2022\/02\/Camion-de-service-1-uai-258x193-1.jpg\" alt=\"\" loading=\"lazy\" \/>\t\t\t\t\t\t\t\t<\/a><\/p>\n<h2><a href=\"https:\/\/cliffordunderwood.com\/en\/services\/repair\/\">r\u00e9paration<\/a><\/h2>\n<h2>MARQUES DE CONFIANCE<br \/>\n<\/h2>\n<p>Nos produits sont fabriqu\u00e9s par des marques sur lesquelles vous pouvez compter<\/p>\n<figure><img decoding=\"async\" src=\"https:\/\/cliffordunderwood.com\/wp-content\/uploads\/2022\/02\/aco-uai-258x258-1-150x150.jpg\" alt=\"aco-uai-258x258\" \/><\/figure>\n<figure><img decoding=\"async\" src=\"https:\/\/cliffordunderwood.com\/wp-content\/uploads\/2022\/02\/challenger-lifts-1-uai-258x258-1-150x150.jpg\" alt=\"challenger-lifts-1-uai-258x258\" \/><\/figure>\n<figure><img decoding=\"async\" src=\"https:\/\/cliffordunderwood.com\/wp-content\/uploads\/2022\/02\/champion-uai-258x258-1-150x150.jpg\" alt=\"champion-uai-258x258\" \/><\/figure>\n<figure><img decoding=\"async\" src=\"https:\/\/cliffordunderwood.com\/wp-content\/uploads\/2022\/02\/cliff-lift-uai-258x258-1-150x150.jpg\" alt=\"cliff-lift-uai-258x258\" \/><\/figure>\n<figure><img decoding=\"async\" src=\"https:\/\/cliffordunderwood.com\/wp-content\/uploads\/2022\/02\/corghi-uai-258x258-1-150x150.jpg\" alt=\"corghi-uai-258x258\" \/><\/figure>\n<figure><img decoding=\"async\" src=\"https:\/\/cliffordunderwood.com\/wp-content\/uploads\/2022\/02\/dnd-uai-258x258-1-150x150.jpg\" alt=\"dnd-uai-258x258\" \/><\/figure>\n<figure><img decoding=\"async\" src=\"https:\/\/cliffordunderwood.com\/wp-content\/uploads\/2022\/02\/ford-smith-uai-258x258-1-150x150.jpg\" alt=\"ford-smith-uai-258x258\" \/><\/figure>\n<figure><img decoding=\"async\" src=\"https:\/\/cliffordunderwood.com\/wp-content\/uploads\/2022\/02\/gray-uai-258x258-1-150x150.jpg\" alt=\"gray-uai-258x258\" \/><\/figure>\n<figure><img decoding=\"async\" src=\"https:\/\/cliffordunderwood.com\/wp-content\/uploads\/2022\/02\/hankison-uai-258x258-1-150x150.jpg\" alt=\"hankison-uai-258x258\" \/><\/figure>\n<figure><img decoding=\"async\" src=\"https:\/\/cliffordunderwood.com\/wp-content\/uploads\/2022\/02\/hdl-lifts-uai-258x258-1-150x150.jpg\" alt=\"hdl-lifts-uai-258x258\" \/><\/figure>\n<figure><img decoding=\"async\" src=\"https:\/\/cliffordunderwood.com\/wp-content\/uploads\/2022\/02\/ideal-uai-258x258-1-150x150.jpg\" alt=\"ideal-uai-258x258\" \/><\/figure>\n<figure><img decoding=\"async\" src=\"https:\/\/cliffordunderwood.com\/wp-content\/uploads\/2022\/02\/mohawk-uai-258x258-1-150x150.jpg\" alt=\"mohawk-uai-258x258\" \/><\/figure>\n<figure><img decoding=\"async\" src=\"https:\/\/cliffordunderwood.com\/wp-content\/uploads\/2022\/02\/nytro-uai-258x258-1-150x150.jpg\" alt=\"nytro-uai-258x258\" \/><\/figure>\n<figure><img decoding=\"async\" src=\"https:\/\/cliffordunderwood.com\/wp-content\/uploads\/2022\/02\/techquip-uai-258x258-1-150x150.jpg\" alt=\"techquip-uai-258x258\" \/><\/figure>\n<figure><img decoding=\"async\" src=\"https:\/\/cliffordunderwood.com\/wp-content\/uploads\/2022\/02\/whip-uai-258x258-1-150x150.jpg\" alt=\"whip-uai-258x258\" \/><\/figure>\n<figure><img decoding=\"async\" src=\"https:\/\/cliffordunderwood.com\/wp-content\/uploads\/2022\/02\/stan-uai-258x258-1-150x150.jpg\" alt=\"stan-uai-258x258\" \/><\/figure>\n<figure><img decoding=\"async\" src=\"https:\/\/cliffordunderwood.com\/wp-content\/uploads\/2022\/02\/qsp-uai-258x258-1-150x150.jpg\" alt=\"qsp-uai-258x258\" \/><\/figure>\n<figure><img decoding=\"async\" src=\"https:\/\/cliffordunderwood.com\/wp-content\/uploads\/2022\/02\/pks-uai-258x258-1-150x150.jpg\" alt=\"pks-uai-258x258\" \/><\/figure>\n<p>\t\t\t\t\t\tPr\u00e9c\u00e9dent<br \/>\n\t\t\t\t\t\tSuivant<br \/>\n\t\t\t\t\t\t\t\t\t\t\t\t\t\t\t<img decoding=\"async\" width=\"840\" height=\"799\" src=\"https:\/\/cliffordunderwood.com\/wp-content\/uploads\/2022\/02\/banner22.png\" alt=\"\" loading=\"lazy\" srcset=\"https:\/\/cliffordunderwood.com\/wp-content\/uploads\/2022\/02\/banner22.png 894w, https:\/\/cliffordunderwood.com\/wp-content\/uploads\/2022\/02\/banner22-300x285.png 300w, https:\/\/cliffordunderwood.com\/wp-content\/uploads\/2022\/02\/banner22-768x730.png 768w, https:\/\/cliffordunderwood.com\/wp-content\/uploads\/2022\/02\/banner22-600x570.png 600w\" sizes=\"auto, (max-width: 840px) 100vw, 840px\" \/>\t\t\t\t\t\t\t\t\t\t\t\t\t\t\t<\/p>\n<h2>UN CLIENT SATISFAIT<\/h2>\n<p>\t\t\t\t\t\t\t\t\t\t\t\t\t\t\t<img decoding=\"async\" width=\"258\" height=\"258\" src=\"https:\/\/cliffordunderwood.com\/wp-content\/uploads\/2022\/02\/bmw-uai-258x258-1.jpg\" alt=\"\" loading=\"lazy\" srcset=\"https:\/\/cliffordunderwood.com\/wp-content\/uploads\/2022\/02\/bmw-uai-258x258-1.jpg 258w, https:\/\/cliffordunderwood.com\/wp-content\/uploads\/2022\/02\/bmw-uai-258x258-1-150x150.jpg 150w, https:\/\/cliffordunderwood.com\/wp-content\/uploads\/2022\/02\/bmw-uai-258x258-1-100x100.jpg 100w\" sizes=\"auto, (max-width: 258px) 100vw, 258px\" \/><br \/>\n\t\t\t\t\t\t\t\t\t\t\t\t\t\t\t<img decoding=\"async\" width=\"258\" height=\"258\" src=\"https:\/\/cliffordunderwood.com\/wp-content\/uploads\/2022\/02\/forces-canadiennes-uai-258x258-1.jpg\" alt=\"\" loading=\"lazy\" srcset=\"https:\/\/cliffordunderwood.com\/wp-content\/uploads\/2022\/02\/forces-canadiennes-uai-258x258-1.jpg 258w, https:\/\/cliffordunderwood.com\/wp-content\/uploads\/2022\/02\/forces-canadiennes-uai-258x258-1-150x150.jpg 150w, https:\/\/cliffordunderwood.com\/wp-content\/uploads\/2022\/02\/forces-canadiennes-uai-258x258-1-100x100.jpg 100w\" sizes=\"auto, (max-width: 258px) 100vw, 258px\" \/><br \/>\n\t\t\t\t\t\t\t\t\t\t\t\t\t\t\t<img decoding=\"async\" width=\"258\" height=\"258\" src=\"https:\/\/cliffordunderwood.com\/wp-content\/uploads\/2022\/02\/longeuil-rtl-uai-258x258-1.jpg\" alt=\"\" loading=\"lazy\" srcset=\"https:\/\/cliffordunderwood.com\/wp-content\/uploads\/2022\/02\/longeuil-rtl-uai-258x258-1.jpg 258w, https:\/\/cliffordunderwood.com\/wp-content\/uploads\/2022\/02\/longeuil-rtl-uai-258x258-1-150x150.jpg 150w, https:\/\/cliffordunderwood.com\/wp-content\/uploads\/2022\/02\/longeuil-rtl-uai-258x258-1-100x100.jpg 100w\" sizes=\"auto, (max-width: 258px) 100vw, 258px\" \/><br \/>\n\t\t\t\t\t\t\t\t\t\t\t\t\t\t\t<img decoding=\"async\" width=\"258\" height=\"258\" src=\"https:\/\/cliffordunderwood.com\/wp-content\/uploads\/2022\/02\/canadiantire-uai-258x258-1.jpg\" alt=\"\" loading=\"lazy\" srcset=\"https:\/\/cliffordunderwood.com\/wp-content\/uploads\/2022\/02\/canadiantire-uai-258x258-1.jpg 258w, https:\/\/cliffordunderwood.com\/wp-content\/uploads\/2022\/02\/canadiantire-uai-258x258-1-150x150.jpg 150w, https:\/\/cliffordunderwood.com\/wp-content\/uploads\/2022\/02\/canadiantire-uai-258x258-1-100x100.jpg 100w\" sizes=\"auto, (max-width: 258px) 100vw, 258px\" \/><br \/>\n\t\t\t\t\t\t\t\t\t\t\t\t\t\t\t<img decoding=\"async\" width=\"258\" height=\"258\" src=\"https:\/\/cliffordunderwood.com\/wp-content\/uploads\/2022\/02\/girardin-uai-258x258-1.jpg\" alt=\"\" loading=\"lazy\" srcset=\"https:\/\/cliffordunderwood.com\/wp-content\/uploads\/2022\/02\/girardin-uai-258x258-1.jpg 258w, https:\/\/cliffordunderwood.com\/wp-content\/uploads\/2022\/02\/girardin-uai-258x258-1-150x150.jpg 150w, https:\/\/cliffordunderwood.com\/wp-content\/uploads\/2022\/02\/girardin-uai-258x258-1-100x100.jpg 100w\" sizes=\"auto, (max-width: 258px) 100vw, 258px\" \/><br \/>\n\t\t\t\t\t\t\t\t\t\t\t\t\t\t\t<img decoding=\"async\" width=\"258\" height=\"258\" src=\"https:\/\/cliffordunderwood.com\/wp-content\/uploads\/2022\/02\/montreal-uai-258x258-1.jpg\" alt=\"\" loading=\"lazy\" srcset=\"https:\/\/cliffordunderwood.com\/wp-content\/uploads\/2022\/02\/montreal-uai-258x258-1.jpg 258w, https:\/\/cliffordunderwood.com\/wp-content\/uploads\/2022\/02\/montreal-uai-258x258-1-150x150.jpg 150w, https:\/\/cliffordunderwood.com\/wp-content\/uploads\/2022\/02\/montreal-uai-258x258-1-100x100.jpg 100w\" sizes=\"auto, (max-width: 258px) 100vw, 258px\" \/><br \/>\n\t\t\t\t\t\t\t\t\t\t\t\t\t\t\t<img decoding=\"async\" width=\"258\" height=\"258\" src=\"https:\/\/cliffordunderwood.com\/wp-content\/uploads\/2022\/02\/costco-uai-258x258-1.jpg\" alt=\"\" loading=\"lazy\" srcset=\"https:\/\/cliffordunderwood.com\/wp-content\/uploads\/2022\/02\/costco-uai-258x258-1.jpg 258w, https:\/\/cliffordunderwood.com\/wp-content\/uploads\/2022\/02\/costco-uai-258x258-1-150x150.jpg 150w, https:\/\/cliffordunderwood.com\/wp-content\/uploads\/2022\/02\/costco-uai-258x258-1-100x100.jpg 100w\" sizes=\"auto, (max-width: 258px) 100vw, 258px\" \/><br \/>\n\t\t\t\t\t\t\t\t\t\t\t\t\t\t\t<img decoding=\"async\" width=\"258\" height=\"258\" src=\"https:\/\/cliffordunderwood.com\/wp-content\/uploads\/2022\/02\/hydro-qc-uai-258x258-1.jpg\" alt=\"\" loading=\"lazy\" srcset=\"https:\/\/cliffordunderwood.com\/wp-content\/uploads\/2022\/02\/hydro-qc-uai-258x258-1.jpg 258w, https:\/\/cliffordunderwood.com\/wp-content\/uploads\/2022\/02\/hydro-qc-uai-258x258-1-150x150.jpg 150w, https:\/\/cliffordunderwood.com\/wp-content\/uploads\/2022\/02\/hydro-qc-uai-258x258-1-100x100.jpg 100w\" sizes=\"auto, (max-width: 258px) 100vw, 258px\" \/><br \/>\n\t\t\t\t\t\t\t\t\t\t\t\t\t\t\t<img decoding=\"async\" width=\"258\" height=\"258\" src=\"https:\/\/cliffordunderwood.com\/wp-content\/uploads\/2022\/02\/servisair-uai-258x258-1.jpg\" alt=\"\" loading=\"lazy\" srcset=\"https:\/\/cliffordunderwood.com\/wp-content\/uploads\/2022\/02\/servisair-uai-258x258-1.jpg 258w, https:\/\/cliffordunderwood.com\/wp-content\/uploads\/2022\/02\/servisair-uai-258x258-1-150x150.jpg 150w, https:\/\/cliffordunderwood.com\/wp-content\/uploads\/2022\/02\/servisair-uai-258x258-1-100x100.jpg 100w\" sizes=\"auto, (max-width: 258px) 100vw, 258px\" \/><br \/>\n\t\t\t\t\t\t\t\t\t\t\t\t\t\t\t<img decoding=\"async\" width=\"258\" height=\"258\" src=\"https:\/\/cliffordunderwood.com\/wp-content\/uploads\/2022\/02\/energir-uai-258x258-1.jpg\" alt=\"\" loading=\"lazy\" srcset=\"https:\/\/cliffordunderwood.com\/wp-content\/uploads\/2022\/02\/energir-uai-258x258-1.jpg 258w, https:\/\/cliffordunderwood.com\/wp-content\/uploads\/2022\/02\/energir-uai-258x258-1-150x150.jpg 150w, https:\/\/cliffordunderwood.com\/wp-content\/uploads\/2022\/02\/energir-uai-258x258-1-100x100.jpg 100w\" sizes=\"auto, (max-width: 258px) 100vw, 258px\" \/><br \/>\n\t\t\t\t\t\t\t\t\t\t\t\t\t\t\t<img decoding=\"async\" width=\"258\" height=\"258\" src=\"https:\/\/cliffordunderwood.com\/wp-content\/uploads\/2022\/02\/laval-uai-258x258-1.jpg\" alt=\"\" loading=\"lazy\" srcset=\"https:\/\/cliffordunderwood.com\/wp-content\/uploads\/2022\/02\/laval-uai-258x258-1.jpg 258w, https:\/\/cliffordunderwood.com\/wp-content\/uploads\/2022\/02\/laval-uai-258x258-1-150x150.jpg 150w, https:\/\/cliffordunderwood.com\/wp-content\/uploads\/2022\/02\/laval-uai-258x258-1-100x100.jpg 100w\" sizes=\"auto, (max-width: 258px) 100vw, 258px\" \/><br \/>\n\t\t\t\t\t\t\t\t\t\t\t\t\t\t\t<img decoding=\"async\" width=\"258\" height=\"258\" src=\"https:\/\/cliffordunderwood.com\/wp-content\/uploads\/2022\/02\/spinelli-uai-258x258-1.jpg\" alt=\"\" loading=\"lazy\" srcset=\"https:\/\/cliffordunderwood.com\/wp-content\/uploads\/2022\/02\/spinelli-uai-258x258-1.jpg 258w, https:\/\/cliffordunderwood.com\/wp-content\/uploads\/2022\/02\/spinelli-uai-258x258-1-150x150.jpg 150w, https:\/\/cliffordunderwood.com\/wp-content\/uploads\/2022\/02\/spinelli-uai-258x258-1-100x100.jpg 100w\" sizes=\"auto, (max-width: 258px) 100vw, 258px\" \/><\/p>\n","protected":false},"excerpt":{"rendered":"<p>NOS PRODUITS v\u00e9rins Hors Terre v\u00e9rins Dans Terre Colonnes mobiles Compresseurs Ass\u00e9cheur D\u2019air Machines \u00e0 Pneus Accessoires de Garage Ponts [&hellip;]<\/p>\n","protected":false},"author":1,"featured_media":0,"parent":0,"menu_order":0,"comment_status":"closed","ping_status":"closed","template":"elementor_header_footer","meta":{"rs_blank_template":"","rs_page_bg_color":"","slide_template_v7":"","footnotes":""},"class_list":["post-38699","page","type-page","status-publish","hentry"],"_links":{"self":[{"href":"https:\/\/cliffordunderwood.com\/en\/wp-json\/wp\/v2\/pages\/38699","targetHints":{"allow":["GET"]}}],"collection":[{"href":"https:\/\/cliffordunderwood.com\/en\/wp-json\/wp\/v2\/pages"}],"about":[{"href":"https:\/\/cliffordunderwood.com\/en\/wp-json\/wp\/v2\/types\/page"}],"author":[{"embeddable":true,"href":"https:\/\/cliffordunderwood.com\/en\/wp-json\/wp\/v2\/users\/1"}],"replies":[{"embeddable":true,"href":"https:\/\/cliffordunderwood.com\/en\/wp-json\/wp\/v2\/comments?post=38699"}],"version-history":[{"count":0,"href":"https:\/\/cliffordunderwood.com\/en\/wp-json\/wp\/v2\/pages\/38699\/revisions"}],"wp:attachment":[{"href":"https:\/\/cliffordunderwood.com\/en\/wp-json\/wp\/v2\/media?parent=38699"}],"curies":[{"name":"wp","href":"https:\/\/api.w.org\/{rel}","templated":true}]}}